{"id":416,"date":"2021-01-01T21:06:09","date_gmt":"2021-01-01T20:06:09","guid":{"rendered":"http:\/\/www.pradgarraf.com\/?page_id=416"},"modified":"2023-08-17T01:27:03","modified_gmt":"2023-08-16T23:27:03","slug":"rgpd","status":"publish","type":"page","link":"https:\/\/www.pradgarraf.com\/ca\/rgpd\/","title":{"rendered":"Protecci\u00f3 de Dades"},"content":{"rendered":"<div data-elementor-type=\"wp-page\" data-elementor-id=\"416\" class=\"elementor elementor-416\">\n\t\t\t\t\t\t<section class=\"elementor-section elementor-top-section elementor-element elementor-element-0022b75 elementor-section-boxed elementor-section-height-default elementor-section-height-default\" data-id=\"0022b75\" data-element_type=\"section\">\n\t\t\t\t\t\t<div class=\"elementor-container elementor-column-gap-default\">\n\t\t\t\t\t<div class=\"elementor-column elementor-col-25 elementor-top-column elementor-element elementor-element-001dffb\" data-id=\"001dffb\" data-element_type=\"column\">\n\t\t\t<div class=\"elementor-widget-wrap elementor-element-populated\">\n\t\t\t\t\t\t<div class=\"elementor-element elementor-element-6c14222 elementor-position-top elementor-widget elementor-widget-image-box\" data-id=\"6c14222\" data-element_type=\"widget\" data-widget_type=\"image-box.default\">\n\t\t\t\t<div class=\"elementor-widget-container\">\n\t\t\t<style>\/*! elementor - v3.21.0 - 08-05-2024 *\/\n.elementor-widget-image-box .elementor-image-box-content{width:100%}@media (min-width:768px){.elementor-widget-image-box.elementor-position-left .elementor-image-box-wrapper,.elementor-widget-image-box.elementor-position-right .elementor-image-box-wrapper{display:flex}.elementor-widget-image-box.elementor-position-right .elementor-image-box-wrapper{text-align:end;flex-direction:row-reverse}.elementor-widget-image-box.elementor-position-left .elementor-image-box-wrapper{text-align:start;flex-direction:row}.elementor-widget-image-box.elementor-position-top .elementor-image-box-img{margin:auto}.elementor-widget-image-box.elementor-vertical-align-top .elementor-image-box-wrapper{align-items:flex-start}.elementor-widget-image-box.elementor-vertical-align-middle .elementor-image-box-wrapper{align-items:center}.elementor-widget-image-box.elementor-vertical-align-bottom .elementor-image-box-wrapper{align-items:flex-end}}@media (max-width:767px){.elementor-widget-image-box .elementor-image-box-img{margin-left:auto!important;margin-right:auto!important;margin-bottom:15px}}.elementor-widget-image-box .elementor-image-box-img{display:inline-block}.elementor-widget-image-box .elementor-image-box-title a{color:inherit}.elementor-widget-image-box .elementor-image-box-wrapper{text-align:center}.elementor-widget-image-box .elementor-image-box-description{margin:0}<\/style><div class=\"elementor-image-box-wrapper\"><figure class=\"elementor-image-box-img\"><a href=\"https:\/\/www.pradgarraf.com\/ca\/aviso-legal\/\" tabindex=\"-1\"><img decoding=\"async\" src=\"https:\/\/www.pradgarraf.com\/wp-content\/uploads\/2023\/08\/WhatsApp-Image-2023-08-16-at-16.43.49.jpeg\" title=\"WhatsApp Image 2023-08-16 at 16.43.49\" alt=\"WhatsApp Image 2023-08-16 at 16.43.49\" loading=\"lazy\" \/><\/a><\/figure><div class=\"elementor-image-box-content\"><h3 class=\"elementor-image-box-title\"><a href=\"https:\/\/www.pradgarraf.com\/ca\/aviso-legal\/\">Av\u00eds Legal<\/a><\/h3><\/div><\/div>\t\t<\/div>\n\t\t\t\t<\/div>\n\t\t\t\t\t<\/div>\n\t\t<\/div>\n\t\t\t\t<div class=\"elementor-column elementor-col-25 elementor-top-column elementor-element elementor-element-16171cc\" data-id=\"16171cc\" data-element_type=\"column\">\n\t\t\t<div class=\"elementor-widget-wrap elementor-element-populated\">\n\t\t\t\t\t\t<div class=\"elementor-element elementor-element-3f25ffd elementor-position-top elementor-widget elementor-widget-image-box\" data-id=\"3f25ffd\" data-element_type=\"widget\" data-widget_type=\"image-box.default\">\n\t\t\t\t<div class=\"elementor-widget-container\">\n\t\t\t<div class=\"elementor-image-box-wrapper\"><figure class=\"elementor-image-box-img\"><a href=\"https:\/\/www.pradgarraf.com\/ca\/politicas-de-privacidad\/\" tabindex=\"-1\"><img decoding=\"async\" src=\"https:\/\/www.pradgarraf.com\/wp-content\/uploads\/2023\/08\/WhatsApp-Image-2023-08-16-at-16.43.50-1.jpeg\" title=\"WhatsApp Image 2023-08-16 at 16.43.50 (1)\" alt=\"WhatsApp Image 2023-08-16 at 16.43.50 (1)\" loading=\"lazy\" \/><\/a><\/figure><div class=\"elementor-image-box-content\"><h3 class=\"elementor-image-box-title\"><a href=\"https:\/\/www.pradgarraf.com\/ca\/politicas-de-privacidad\/\">Pol\u00edtiques de privacitat<\/a><\/h3><\/div><\/div>\t\t<\/div>\n\t\t\t\t<\/div>\n\t\t\t\t\t<\/div>\n\t\t<\/div>\n\t\t\t\t<div class=\"elementor-column elementor-col-25 elementor-top-column elementor-element elementor-element-9378005\" data-id=\"9378005\" data-element_type=\"column\">\n\t\t\t<div class=\"elementor-widget-wrap elementor-element-populated\">\n\t\t\t\t\t\t<div class=\"elementor-element elementor-element-21edc5a elementor-position-top elementor-widget elementor-widget-image-box\" data-id=\"21edc5a\" data-element_type=\"widget\" data-widget_type=\"image-box.default\">\n\t\t\t\t<div class=\"elementor-widget-container\">\n\t\t\t<div class=\"elementor-image-box-wrapper\"><figure class=\"elementor-image-box-img\"><a href=\"https:\/\/www.pradgarraf.com\/ca\/politica-de-cookies\/\" tabindex=\"-1\"><img decoding=\"async\" src=\"https:\/\/www.pradgarraf.com\/wp-content\/uploads\/2023\/08\/WhatsApp-Image-2023-08-16-at-16.43.50.jpeg\" title=\"WhatsApp Image 2023-08-16 at 16.43.50\" alt=\"WhatsApp Image 2023-08-16 at 16.43.50\" loading=\"lazy\" \/><\/a><\/figure><div class=\"elementor-image-box-content\"><h3 class=\"elementor-image-box-title\"><a href=\"https:\/\/www.pradgarraf.com\/ca\/politica-de-cookies\/\">Pol\u00edtica de Galetes<\/a><\/h3><\/div><\/div>\t\t<\/div>\n\t\t\t\t<\/div>\n\t\t\t\t\t<\/div>\n\t\t<\/div>\n\t\t\t\t<div class=\"elementor-column elementor-col-25 elementor-top-column elementor-element elementor-element-dca9ca7\" data-id=\"dca9ca7\" data-element_type=\"column\">\n\t\t\t<div class=\"elementor-widget-wrap elementor-element-populated\">\n\t\t\t\t\t\t<div class=\"elementor-element elementor-element-2d26098 elementor-position-top elementor-widget elementor-widget-image-box\" data-id=\"2d26098\" data-element_type=\"widget\" data-widget_type=\"image-box.default\">\n\t\t\t\t<div class=\"elementor-widget-container\">\n\t\t\t<div class=\"elementor-image-box-wrapper\"><figure class=\"elementor-image-box-img\"><a href=\"https:\/\/www.pradgarraf.com\/ca\/politica-redes-sociales\/\" tabindex=\"-1\"><img decoding=\"async\" src=\"https:\/\/www.pradgarraf.com\/wp-content\/uploads\/2023\/08\/WhatsApp-Image-2023-08-16-at-16.43.50-2.jpeg\" title=\"WhatsApp Image 2023-08-16 at 16.43.50 (2)\" alt=\"WhatsApp Image 2023-08-16 at 16.43.50 (2)\" loading=\"lazy\" \/><\/a><\/figure><div class=\"elementor-image-box-content\"><h3 class=\"elementor-image-box-title\"><a href=\"https:\/\/www.pradgarraf.com\/ca\/politica-redes-sociales\/\">Pol\u00edtica Xarxes Socials<\/a><\/h3><\/div><\/div>\t\t<\/div>\n\t\t\t\t<\/div>\n\t\t\t\t\t<\/div>\n\t\t<\/div>\n\t\t\t\t\t<\/div>\n\t\t<\/section>\n\t\t\t\t<\/div>","protected":false},"excerpt":{"rendered":"<p>Aviso Legal Pol\u00edtica de Privacidad Pol\u00edtica de Cookies Pol\u00edtica de Redes Sociales<\/p>","protected":false},"author":1,"featured_media":0,"parent":0,"menu_order":0,"comment_status":"closed","ping_status":"closed","template":"","meta":[],"wppr_data":{"cwp_meta_box_check":"No"},"_links":{"self":[{"href":"https:\/\/www.pradgarraf.com\/ca\/wp-json\/wp\/v2\/pages\/416"}],"collection":[{"href":"https:\/\/www.pradgarraf.com\/ca\/wp-json\/wp\/v2\/pages"}],"about":[{"href":"https:\/\/www.pradgarraf.com\/ca\/wp-json\/wp\/v2\/types\/page"}],"author":[{"embeddable":true,"href":"https:\/\/www.pradgarraf.com\/ca\/wp-json\/wp\/v2\/users\/1"}],"replies":[{"embeddable":true,"href":"https:\/\/www.pradgarraf.com\/ca\/wp-json\/wp\/v2\/comments?post=416"}],"version-history":[{"count":19,"href":"https:\/\/www.pradgarraf.com\/ca\/wp-json\/wp\/v2\/pages\/416\/revisions"}],"predecessor-version":[{"id":748,"href":"https:\/\/www.pradgarraf.com\/ca\/wp-json\/wp\/v2\/pages\/416\/revisions\/748"}],"wp:attachment":[{"href":"https:\/\/www.pradgarraf.com\/ca\/wp-json\/wp\/v2\/media?parent=416"}],"curies":[{"name":"wp","href":"https:\/\/api.w.org\/{rel}","templated":true}]}}